{"id":45,"date":"2016-04-01T17:15:59","date_gmt":"2016-04-01T17:15:59","guid":{"rendered":"https:\/\/suabroad.syr.edu\/madrid\/?page_id=45"},"modified":"2024-07-09T13:52:18","modified_gmt":"2024-07-09T13:52:18","slug":"student-life","status":"publish","type":"page","link":"https:\/\/suabroad.syr.edu\/madrid\/student-life\/","title":{"rendered":"Student Life"},"content":{"rendered":"<h2>Welcome to Madrid<\/h2>\n<p><img loading=\"lazy\" decoding=\"async\" src=\"https:\/\/suabroad.syr.edu\/madrid\/wp-content\/uploads\/sites\/2\/2023\/07\/Syracuse-Madrid-SLO-Mission-300x169.png\" alt=\"\" class=\"alignnone  wp-image-6736\" width=\"807\" height=\"454\" srcset=\"https:\/\/suabroad.syr.edu\/madrid\/wp-content\/uploads\/sites\/2\/2023\/07\/Syracuse-Madrid-SLO-Mission-300x169.png 300w, https:\/\/suabroad.syr.edu\/madrid\/wp-content\/uploads\/sites\/2\/2023\/07\/Syracuse-Madrid-SLO-Mission-1024x576.png 1024w, https:\/\/suabroad.syr.edu\/madrid\/wp-content\/uploads\/sites\/2\/2023\/07\/Syracuse-Madrid-SLO-Mission-768x432.png 768w, https:\/\/suabroad.syr.edu\/madrid\/wp-content\/uploads\/sites\/2\/2023\/07\/Syracuse-Madrid-SLO-Mission-1536x864.png 1536w, https:\/\/suabroad.syr.edu\/madrid\/wp-content\/uploads\/sites\/2\/2023\/07\/Syracuse-Madrid-SLO-Mission-2048x1152.png 2048w\" sizes=\"auto, (max-width: 807px) 100vw, 807px\" \/><\/p>\n<p>Thank you for visiting the Student Life section of the Syracuse Madrid website. The Student Life team has put together information on how to navigate the intra-curricular component of your study abroad. Through this website and in our office, we can provide you with resources to help you maximize your Syracuse Madrid experience. Our office is made up of two components:<\/p>\n<ul>\n<li><a href=\"https:\/\/suabroad.syr.edu\/madrid\/student-life\/housing\/\" target=\"_blank\" rel=\"noopener\">Housing<\/a><\/li>\n<li><a href=\"https:\/\/suabroad.syr.edu\/madrid\/student-life\/health-and-wellness\/\" target=\"_blank\" rel=\"noopener\">Your Safety &amp; Well-being<\/a><\/li>\n<\/ul>\n<p>We\u2019re always looking for ways to more effectively meet our students\u2019 needs, and we appreciate your feedback on how we can better assist you. The Student Life Office looks forward to accompanying you on your once-in-a-lifetime journey to Madrid.<\/p>\n<p>We are located in Room 202 on the second floor of the <a href=\"https:\/\/www.iie.es\/en\/\">International Institute<\/a>.<\/p>\n<hr \/>\n<h2>\u00a1Bienvenidas, bienvenidos y bienvenides a Madrid!<\/h2>\n<p>Gracias por visitar la secci\u00f3n de <em>Student Life<\/em> (atenci\u00f3n al alumnado) de la p\u00e1gina web de Syracuse Madrid. El equipo de <em>Student Life <\/em>ha preparado informaci\u00f3n para ayudaros en todos los temas intra-acad\u00e9micos de vuestra estancia en Madrid. Por medio de esta p\u00e1gina web y en nuestra oficina, os proporcionaremos recursos que os ayudar\u00e1n a optimizar su experiencia en Syracuse Madrid. Nuestra oficina tiene dos secciones:<\/p>\n<ul>\n<li><a href=\"https:\/\/suabroad.syr.edu\/madrid\/student-life\/housing\/\" target=\"_blank\" rel=\"noopener\">Alojamiento<\/a><\/li>\n<li><a href=\"https:\/\/suabroad.syr.edu\/madrid\/student-life\/health-and-wellness\/\" target=\"_blank\" rel=\"noopener\">Vuestro bienestar<\/a><\/li>\n<\/ul>\n<p>Buscamos formas de ayudaros de manera m\u00e1s eficaz y agradecemos vuestro <em>feedback<\/em> al respecto. En\u00a0<em>Student Life<\/em> estamos encantades de acompa\u00f1aros en vuestro recorrido y en esta experiencia \u00fanica que vivir\u00e9is en Madrid.<span data-contrast=\"none\"><\/span><\/p>\n<p>Nuestro despacho se encuentra en la segunda planta del <a href=\"https:\/\/www.iie.es\/\">Instituto Internacional<\/a> (Sala 202).<\/p>\n<hr \/>\n<p><strong>Your general contact for Student Life needs and Title IX Coordinator <\/strong>(<a href=\"mailto:falvarez@syr.edu\">falvarez@syr.edu<\/a>):<\/p>\n<p><img loading=\"lazy\" decoding=\"async\" class=\"alignnone size-medium wp-image-6592\" src=\"https:\/\/suabroad.syr.edu\/madrid\/wp-content\/uploads\/sites\/2\/2023\/05\/Finetta-300x300.png\" alt=\"\" width=\"300\" height=\"300\" srcset=\"https:\/\/suabroad.syr.edu\/madrid\/wp-content\/uploads\/sites\/2\/2023\/05\/Finetta-300x300.png 300w, https:\/\/suabroad.syr.edu\/madrid\/wp-content\/uploads\/sites\/2\/2023\/05\/Finetta-1024x1024.png 1024w, https:\/\/suabroad.syr.edu\/madrid\/wp-content\/uploads\/sites\/2\/2023\/05\/Finetta-150x150.png 150w, https:\/\/suabroad.syr.edu\/madrid\/wp-content\/uploads\/sites\/2\/2023\/05\/Finetta-768x768.png 768w, https:\/\/suabroad.syr.edu\/madrid\/wp-content\/uploads\/sites\/2\/2023\/05\/Finetta-640x640.png 640w, https:\/\/suabroad.syr.edu\/madrid\/wp-content\/uploads\/sites\/2\/2023\/05\/Finetta-1536x1536.png 1536w, https:\/\/suabroad.syr.edu\/madrid\/wp-content\/uploads\/sites\/2\/2023\/05\/Finetta-2048x2048.png 2048w\" sizes=\"auto, (max-width: 300px) 100vw, 300px\" \/><strong><\/strong><\/p>\n","protected":false},"excerpt":{"rendered":"<p>Welcome to Madrid Thank you for visiting the Student Life section of the Syracuse Madrid website. The Student Life team has put together information on how to navigate the intra-curricular component of your study abroad. Through this website and in our office, we can provide you with resources to help you maximize your Syracuse Madrid&hellip;<\/p>\n","protected":false},"author":23,"featured_media":7442,"parent":0,"menu_order":30,"comment_status":"closed","ping_status":"closed","template":"","meta":{"_acf_changed":false,"wds_primary_featured-nav":0,"footnotes":""},"class_list":["post-45","page","type-page","status-publish","has-post-thumbnail","hentry"],"acf":[],"_links":{"self":[{"href":"https:\/\/suabroad.syr.edu\/madrid\/wp-json\/wp\/v2\/pages\/45","targetHints":{"allow":["GET"]}}],"collection":[{"href":"https:\/\/suabroad.syr.edu\/madrid\/wp-json\/wp\/v2\/pages"}],"about":[{"href":"https:\/\/suabroad.syr.edu\/madrid\/wp-json\/wp\/v2\/types\/page"}],"author":[{"embeddable":true,"href":"https:\/\/suabroad.syr.edu\/madrid\/wp-json\/wp\/v2\/users\/23"}],"replies":[{"embeddable":true,"href":"https:\/\/suabroad.syr.edu\/madrid\/wp-json\/wp\/v2\/comments?post=45"}],"version-history":[{"count":34,"href":"https:\/\/suabroad.syr.edu\/madrid\/wp-json\/wp\/v2\/pages\/45\/revisions"}],"predecessor-version":[{"id":7378,"href":"https:\/\/suabroad.syr.edu\/madrid\/wp-json\/wp\/v2\/pages\/45\/revisions\/7378"}],"wp:featuredmedia":[{"embeddable":true,"href":"https:\/\/suabroad.syr.edu\/madrid\/wp-json\/wp\/v2\/media\/7442"}],"wp:attachment":[{"href":"https:\/\/suabroad.syr.edu\/madrid\/wp-json\/wp\/v2\/media?parent=45"}],"curies":[{"name":"wp","href":"https:\/\/api.w.org\/{rel}","templated":true}]}}