{"id":87,"date":"2016-04-01T20:58:18","date_gmt":"2016-04-01T20:58:18","guid":{"rendered":"https:\/\/suabroad.syr.edu\/madrid\/?page_id=87"},"modified":"2025-07-09T08:13:05","modified_gmt":"2025-07-09T08:13:05","slug":"culture","status":"publish","type":"page","link":"https:\/\/suabroad.syr.edu\/madrid\/student-life\/living-abroad\/culture\/","title":{"rendered":"Leisure on Your Own Time"},"content":{"rendered":"<p><em>In addition to the recommendations listed below, check out our &#8220;<a href=\"https:\/\/suabroad.syr.edu\/madrid\/academics\/academic-information\/intercultural-experiences\/\">Your Cultural Engagement&#8221; webpages<\/a> for further ideas.<\/em><\/p>\n<hr \/>\n<h2>Museums Worth Visiting<\/h2>\n<ul>\n<li><a href=\"https:\/\/www.museodelprado.es\/en\/?gclid=Cj0KEQjwyum6BRDQ-9jU4PSVxf8BEiQAu1AHqruD3ekRH8fymBlQzr9y2k-y7NDLSee3Sc1OHpfshUEaAjO28P8HAQ\" target=\"_blank\" rel=\"noopener\">Museo del Prado<\/a><\/li>\n<li><a href=\"http:\/\/www.museoreinasofia.es\/en\" target=\"_blank\" rel=\"noopener\">Museo Nacional Reina Sof\u00eda<\/a><\/li>\n<li><a href=\"https:\/\/www.museothyssen.org\" target=\"_blank\" rel=\"noopener\">Museo Thyssen-Bornemisza<\/a><\/li>\n<li><a href=\"https:\/\/www.cultura.gob.es\/museodeamerica\/portada.html\" target=\"_blank\" rel=\"noopener\">Museo de Am\u00e9rica<\/a><\/li>\n<li><a href=\"http:\/\/www.man.es\/man\/en\/home\" target=\"_blank\" rel=\"noopener\">Museo Arqueol\u00f3gico<\/a><\/li>\n<li><a href=\"https:\/\/caixaforum.org\/es\/madrid?gad_source=1&amp;gclid=Cj0KCQjws560BhCuARIsAHMqE0Hj7TiwCCoy15LEb8Pq95i3vfywD-OY8e5xyoMv6m4BT_7AEN7PLQwaAmaUEALw_wcB\">CaixaForum Madrid<\/a><\/li>\n<\/ul>\n<hr \/>\n<h2>Eating Out<\/h2>\n<ul>\n<li>Spanish cuisine\n<ul>\n<li><a href=\"http:\/\/www.casalucio.es\/\" target=\"_blank\" rel=\"noopener\">Casa Lucio<\/a><\/li>\n<li><a href=\"http:\/\/www.botin.es\" target=\"_blank\" rel=\"noopener\">Restaurante Bot\u00edn<\/a><\/li>\n<li><a href=\"http:\/\/www.casamingo.es\/\" target=\"_blank\" rel=\"noopener\">Casa Mingo<\/a><\/li>\n<\/ul>\n<\/li>\n<li><em>Tapas <\/em>bars\n<ul>\n<li><a href=\"https:\/\/www.lateral.com\/restaurantes\" target=\"_blank\" rel=\"noopener\">Lateral<\/a><\/li>\n<li><a href=\"http:\/\/lacasadelabuelo.es\/\" target=\"_blank\" rel=\"noopener\">La Casa del Abuelo<\/a><\/li>\n<li><a href=\"https:\/\/padraocops.com\/\" target=\"_blank\" rel=\"noopener\">Padrao<\/a><\/li>\n<li><a href=\"https:\/\/www.tripadvisor.es\/Restaurant_Review-g187514-d7284860-Reviews-Petisqueira_2-Madrid.html\" target=\"_blank\" rel=\"noopener\">Petisqueira<\/a><\/li>\n<\/ul>\n<\/li>\n<li>Vegetarian restaurants\n<ul>\n<li><a href=\"https:\/\/restaurantesvegetarianosartemisa.com\/\" target=\"_blank\" rel=\"noopener\">Artemisa<\/a><\/li>\n<li><a href=\"http:\/\/www.labiotika.es\/\" target=\"_blank\" rel=\"noopener\">La Biotika<\/a><\/li>\n<li><a href=\"http:\/\/ecocentro.es\/\" target=\"_blank\" rel=\"noopener\">Ecocentro<\/a><\/li>\n<li><a href=\"https:\/\/www.instagram.com\/puntovegano\/\" target=\"_blank\" rel=\"noopener\">Punto vegano<\/a><\/li>\n<li><a href=\"https:\/\/www.honestgreens.com\" target=\"_blank\" rel=\"noopener\">Honest Greens<\/a><\/li>\n<li><a href=\"https:\/\/madmadvegan.com\/\" target=\"_blank\" rel=\"noopener\">Mad Mad Vegan<\/a><\/li>\n<li><a href=\"https:\/\/avocadolove.es\/carta-nueva\/\">Avocado Love<\/a><\/li>\n<\/ul>\n<\/li>\n<li>Tortilla de patatas\n<ul>\n<li><a href=\"https:\/\/peztortilla.com\" target=\"_blank\" rel=\"noopener\">Pez Tortilla<\/a><\/li>\n<li><a href=\"https:\/\/tabernaselbuo.eu\/la-buha-la-latina-es\" target=\"_blank\" rel=\"noopener\">La Buha<\/a><\/li>\n<li><a href=\"https:\/\/www.casadani.es\" target=\"_blank\" rel=\"noopener\">Casa Dani<\/a><\/li>\n<li><a href=\"https:\/\/grupoardosa.es\/la-ardosa\" target=\"_blank\" rel=\"noopener\">Bodega la Ardosa<\/a><\/li>\n<li><a href=\"https:\/\/www.juanalalocaes.com\" target=\"_blank\" rel=\"noopener\">Juana la Loca<\/a><\/li>\n<\/ul>\n<\/li>\n<\/ul>\n<p><a href=\"http:\/\/www.timeout.com\/madrid\/restaurants\">View a more complete restaurant guide<\/a><\/p>\n<p><strong>Quick Tip:<\/strong> <em>Men\u00fa<\/em> (or <em>Men\u00fa del d\u00eda<\/em>) refers to the daily specials. If you\u2019re looking for a \u201cmenu,\u201d ask for the <em>carta<\/em>.<\/p>\n<h3>Kosher resources<\/h3>\n<ul>\n<li><strong><a href=\"http:\/\/www.kosherdelight.com\/Spain_Madrid.shtml\" target=\"_blank\" rel=\"noopener\">Kosher Delight<\/a><\/strong><\/li>\n<li><a href=\"https:\/\/www.facebook.com\/p\/Restaurante-La-Escudilla-100070218814152\/\" target=\"_blank\" rel=\"noopener\"><strong>Restaurant La Escudilla<\/strong><span style=\"font: normal normal 12px\/1 FontAwesome\"><br \/>\n<\/span><\/a>C\/ Sant\u00edsima Trinidad, 16<br \/>\n+34 914 45 73 80<\/li>\n<li><strong><a href=\"http:\/\/gourmetkosher.weebly.com\/\" target=\"_blank\" rel=\"noopener\">Gourmet Kosher<\/a>\u00a0<\/strong>(Kosher shop, butcher and catering)<br \/>\nC\/ A\u00f1astro, 9<br \/>\n+34 913 83 11 86 \/ +34 630 53 48 59<\/li>\n<li><strong><a href=\"http:\/\/www.jewisheurope.org\/detail.asp?ID=1052\" target=\"_blank\" rel=\"noopener\">Carnicer\u00eda Shalom<\/a><br \/>\n<\/strong>C\/Medell\u00edn, 13<\/li>\n<li><strong><a href=\"https:\/\/www.casa-elias.com\/\" target=\"_blank\" rel=\"noopener\">Casa El\u00edas<\/a><br \/>\n<\/strong>C\/Viriato, 35<\/li>\n<li><strong><em>Zona Kosher<\/em> (Kosher Area) at El Corte Ingl\u00e9s (Castellana &amp; Sanchinarro)<\/strong><\/li>\n<\/ul>\n<hr \/>\n<h2>Leisure<\/h2>\n<ul>\n<li>Bookstores\n<ul>\n<li><a href=\"http:\/\/booksellers.es\/\" target=\"_blank\" rel=\"noopener\">Booksellers, S.A.<\/a><\/li>\n<li><a href=\"http:\/\/www.pasajeslibros.com\/\" target=\"_blank\" rel=\"noopener\">Pasajes<\/a><\/li>\n<li><a href=\"https:\/\/www.casadellibro.com\" target=\"_blank\" rel=\"noopener\">La Casa del Libro<\/a><\/li>\n<li><a href=\"https:\/\/www.instagram.com\/pergamo_lib\/?hl=es\" target=\"_blank\" rel=\"noopener\">P\u00e9rgamo<\/a><\/li>\n<li><a href=\"https:\/\/www.re-read.com\" target=\"_blank\" rel=\"noopener\">Re-Read<\/a><\/li>\n<\/ul>\n<\/li>\n<li>Theaters\n<ul>\n<li><a href=\"http:\/\/teatroespanol.es\/\" target=\"_blank\" rel=\"noopener\">Teatro Espa\u00f1ol<\/a><\/li>\n<li><a href=\"http:\/\/www.lacasaencendida.es\/en\" target=\"_blank\" rel=\"noopener\">La Casa Encendida<\/a><\/li>\n<li><a href=\"https:\/\/www.teatrolalatina.es\/\" target=\"_blank\" rel=\"noopener\">Teatro la Latina<\/a><\/li>\n<li><a href=\"https:\/\/www.teatroscanal.com\/\" target=\"_blank\" rel=\"noopener\">Teatros del Canal<\/a><\/li>\n<\/ul>\n<\/li>\n<li>Movie Theaters\n<ul>\n<li><a href=\"http:\/\/www.cinesrenoir.com\/cartelera\/ciudad\/MAD\/\" target=\"_blank\" rel=\"noopener\">Renoir<\/a><\/li>\n<li><a href=\"http:\/\/www.golem.es\/\" target=\"_blank\" rel=\"noopener\">Golem<\/a><\/li>\n<li><a href=\"http:\/\/www.yelmocines.es\/cartelera\/madrid\/yelmo-cines-ideal\" target=\"_blank\" rel=\"noopener\">Cine Yelmo<\/a><\/li>\n<li><a href=\"https:\/\/www.cinesa.es\/cines\/proyecciones\/\" target=\"_blank\" rel=\"noopener\">Cinesa proyecciones<\/a><\/li>\n<li><a href=\"https:\/\/madrid.cines-verdi.com\/cartelera\" target=\"_blank\" rel=\"noopener\">Verdi<\/a><\/li>\n<\/ul>\n<\/li>\n<li>Libraries\n<ul>\n<li><a href=\"http:\/\/www.bne.es\/es\/Inicio\/index.html\" target=\"_blank\" rel=\"noopener\">Biblioteca Nacional<\/a><\/li>\n<li><a href=\"http:\/\/www.circulobellasartes.com\/\" target=\"_blank\" rel=\"noopener\">C\u00edrculo de Bellas Artes<\/a><\/li>\n<li><a href=\"http:\/\/www.iie.es\/\" target=\"_blank\" rel=\"noopener\">Instituto Internacional<\/a><\/li>\n<li><a href=\"https:\/\/www.comunidad.madrid\/cultura\/oferta-cultural-ocio\/bibliotecas-comunidad-madrid\" target=\"_blank\" rel=\"noopener\">Bibliotecas P\u00fablicas<\/a>\n<ul>\n<li>Closest to Syracuse Madrid: <a href=\"https:\/\/www.comunidad.madrid\/centros\/biblioteca-publica-ruiz-egea-chamberi\" target=\"_blank\" rel=\"noopener\">Biblioteca P\u00fablica Ruiz Egea<\/a><\/li>\n<\/ul>\n<\/li>\n<\/ul>\n<\/li>\n<li>Bullfights\n<ul>\n<li><a href=\"http:\/\/www.las-ventas.com\/\" target=\"_blank\" rel=\"noopener\">Las Ventas<\/a><\/li>\n<\/ul>\n<\/li>\n<li>Local Attractions\n<ul>\n<li><a href=\"http:\/\/parquedeatracciones.es\/\" target=\"_blank\" rel=\"noopener\">Parque de Atracciones de Madrid<\/a><\/li>\n<li><a href=\"http:\/\/www.planetmad.es\/\" target=\"_blank\" rel=\"noopener\">Madrid Planetarium<\/a><\/li>\n<li><a href=\"http:\/\/zoomadrid.com\/en\" target=\"_blank\" rel=\"noopener\">Zoo Aquarium de Madrid<\/a><\/li>\n<li><a href=\"http:\/\/parquewarner.com\/\" target=\"_blank\" rel=\"noopener\">Warner Park Madrid<\/a><\/li>\n<li><a href=\"https:\/\/pistadehielomadrid.es\/\" target=\"_blank\" rel=\"noopener\">Palacio de Hielo (Ice Skating Rink)<\/a><\/li>\n<li><a href=\"https:\/\/mobeo.es\/es\/inicio\/\" target=\"_blank\" rel=\"noopener\">Mobeo (bike tours in Madrid)<\/a><\/li>\n<\/ul>\n<\/li>\n<\/ul>\n<ul>\n<li style=\"list-style-type: none\"><\/li>\n<\/ul>\n","protected":false},"excerpt":{"rendered":"<p>In addition to the recommendations listed below, check out our &#8220;Your Cultural Engagement&#8221; webpages for further ideas. Museums Worth Visiting Museo del Prado Museo Nacional Reina Sof\u00eda Museo Thyssen-Bornemisza Museo de Am\u00e9rica Museo Arqueol\u00f3gico CaixaForum Madrid Eating Out Spanish cuisine Casa Lucio Restaurante Bot\u00edn Casa Mingo Tapas bars Lateral La Casa del Abuelo Padrao Petisqueira&hellip;<\/p>\n","protected":false},"author":23,"featured_media":7649,"parent":81,"menu_order":10,"comment_status":"closed","ping_status":"closed","template":"","meta":{"_acf_changed":false,"wds_primary_featured-nav":0,"footnotes":""},"class_list":["post-87","page","type-page","status-publish","has-post-thumbnail","hentry"],"acf":[],"_links":{"self":[{"href":"https:\/\/suabroad.syr.edu\/madrid\/wp-json\/wp\/v2\/pages\/87","targetHints":{"allow":["GET"]}}],"collection":[{"href":"https:\/\/suabroad.syr.edu\/madrid\/wp-json\/wp\/v2\/pages"}],"about":[{"href":"https:\/\/suabroad.syr.edu\/madrid\/wp-json\/wp\/v2\/types\/page"}],"author":[{"embeddable":true,"href":"https:\/\/suabroad.syr.edu\/madrid\/wp-json\/wp\/v2\/users\/23"}],"replies":[{"embeddable":true,"href":"https:\/\/suabroad.syr.edu\/madrid\/wp-json\/wp\/v2\/comments?post=87"}],"version-history":[{"count":71,"href":"https:\/\/suabroad.syr.edu\/madrid\/wp-json\/wp\/v2\/pages\/87\/revisions"}],"predecessor-version":[{"id":8278,"href":"https:\/\/suabroad.syr.edu\/madrid\/wp-json\/wp\/v2\/pages\/87\/revisions\/8278"}],"up":[{"embeddable":true,"href":"https:\/\/suabroad.syr.edu\/madrid\/wp-json\/wp\/v2\/pages\/81"}],"wp:featuredmedia":[{"embeddable":true,"href":"https:\/\/suabroad.syr.edu\/madrid\/wp-json\/wp\/v2\/media\/7649"}],"wp:attachment":[{"href":"https:\/\/suabroad.syr.edu\/madrid\/wp-json\/wp\/v2\/media?parent=87"}],"curies":[{"name":"wp","href":"https:\/\/api.w.org\/{rel}","templated":true}]}}